{"id":13266,"date":"2025-07-27T17:28:40","date_gmt":"2025-07-27T17:28:40","guid":{"rendered":"https:\/\/nostalgic-franklin.136-243-168-66.plesk.page\/?page_id=13266"},"modified":"2025-08-03T12:04:25","modified_gmt":"2025-08-03T12:04:25","slug":"pokoj-superior","status":"publish","type":"page","link":"https:\/\/nostalgic-franklin.136-243-168-66.plesk.page\/index.php\/czeczotka-palace-apartments\/pokoje\/pokoj-superior\/","title":{"rendered":"Pok\u00f3j Superior"},"content":{"rendered":"\n<div class=\"wp-block-group alignfull background\"><div class=\"wp-block-group__inner-container is-layout-constrained wp-block-group-is-layout-constrained\">\n<div style=\"height:6px\" aria-hidden=\"true\" class=\"wp-block-spacer\"><\/div>\n\n\n\n\t<section id=\"contentboxes-mb-block-550447c4-3178-41c4-a1db-f3e3888e3e50\" class=\"section section-contentboxes  alignfull \">\n\n\t\t<div class=\"contentboxes-wrap six\"  >\n\t\t\t\t\t<div class=\"contentboxes-masonry \">\n\n\t\t\t\t<div class=\"grid-sizer-contentboxes\"><\/div>\n\n\t\t\t\t\n\t\t\t\t<div class=\"content-box-13037 contentboxes-image-wrap bg-image quarter-width square mobile-square   content-dark no-vertical-text no-content cb-mobile-content-leave cb-mobile-content-vertical-leave    \"   >\n\n\t\t\t\t\t<div class=\"contentboxes-image-wrap-inner\">\n\n\t\t\t\t\t\n\t\t\t\t\t\t<div class=\"contentboxes-zoom-wrap \">\n\t\t\t\t\t\t\n\t\t\t\t\t\t\t\t\t\t\t\t\t<div class=\"contentboxbgimage\" style=\"background-image: url(https:\/\/nostalgic-franklin.136-243-168-66.plesk.page\/wp-content\/uploads\/2025\/07\/Palac-Czeczotka-pokoj-nr-1-5-1600x1155.jpg);\"><\/div> \n\t\t\t\t\t\t\t\t\t\t\t\t<div class=\"contentbox-overlay   gradient-contentboxes-content-middle\" >\n\t\t\t\t\t\t\n\t\t\t\t\t\t\t<div class=\"contentboxes-content-wrap centered-content contentboxes-content-right contentboxes-content-middle\"  >\n\n\t\t\t\t\t\t\t\t\n\t\t\t\t\t\t\t\t\t\t\t\t\t\t<\/div>\n\t\t\t\t\t\t\t\t\t\t\t\t\t\n\t\t\t\t\t\t<\/div>\n\t\t\t\t\t<\/div>\n\t\t\t\t\t<\/div>\n\n\t\t\t\t\t\t   \t \n\t\t\t\t<\/div>\n\t\t\t\t\t\n\t\t\t\n\t\t\t\t<div class=\"content-box-13038 contentboxes-image-wrap bg-image quarter-width square mobile-uncropped    no-vertical-text no-content cb-mobile-content-leave cb-mobile-content-vertical-leave    \"   >\n\n\t\t\t\t\t<div class=\"contentboxes-image-wrap-inner\">\n\n\t\t\t\t\t\n\t\t\t\t\t\t<div class=\"contentboxes-zoom-wrap \">\n\t\t\t\t\t\t\n\t\t\t\t\t\t\t\t\t\t\t\t\t<div class=\"contentboxbgimage\" style=\"background-image: url(https:\/\/nostalgic-franklin.136-243-168-66.plesk.page\/wp-content\/uploads\/2025\/07\/Palac-Czeczotka-pokoj-nr-2-1-1600x1155.jpg);\"><\/div> \n\t\t\t\t\t\t\t\t\t\t\t\t<div class=\"contentbox-overlay   gradient-contentboxes-content-middle\" >\n\t\t\t\t\t\t\n\t\t\t\t\t\t\t<div class=\"contentboxes-content-wrap centered-content  contentboxes-content-middle\"  >\n\n\t\t\t\t\t\t\t\t\n\t\t\t\t\t\t\t\t\t\t\t\t\t\t<\/div>\n\t\t\t\t\t\t\t\t\t\t\t\t\t\n\t\t\t\t\t\t<\/div>\n\t\t\t\t\t<\/div>\n\t\t\t\t\t<\/div>\n\n\t\t\t\t\t\t   \t \n\t\t\t\t<\/div>\n\t\t\t\t\t\n\t\t\t\n\t\t\t\t<div class=\"content-box- contentboxes-image-wrap bg-none half-width square mobile-uncropped    no-vertical-text has-content cb-mobile-content-leave cb-mobile-content-vertical-leave    \"   >\n\n\t\t\t\t\t<div class=\"contentboxes-image-wrap-inner\">\n\n\t\t\t\t\t\n\t\t\t\t\t\t<div class=\"contentboxes-zoom-wrap \">\n\t\t\t\t\t\t\n\t\t\t\t\t\t\n\t\t\t\t\t\t\n\t\t\t\t\t\t\t<div class=\"contentboxes-content-wrap centered-content contentboxes-content-left contentboxes-content-top\"  >\n\n\t\t\t\t\t\t\t\t\t\t\t\t\t\t\t\t<div class=\"contentboxes-content section-content\">\n\t\t\t\t\t\t\t\t\t\t\t\t\t\t\t\t\t\t\t\t\t\t\t\t\t\t\t\t<div class=\"contentboxes-content-item contentboxes-subtitle subtitle-above use-body-font\"  >Cena: 700 PLN\/pok\u00f3j<\/div>\n\t\t\t\t\t\t\t\t\t\t\t\t\t\t\t\t\t\t\t\t\t\t\t\t\t                \t<h2  class=\"contentboxes-content-item contentboxes-title\"  >Pok\u00f3j Superior<\/h2>\n\t\t\t\t\t\t\t                \t\t\t\t\t\t\t                \t\t\t\t\t\t\t                \t\t\t\t\t\t\t                \t<div class=\"contentboxes-content-item contentboxes-text\"  >Stylowo urz\u0105dzone pokoje typu Superior to idealne rozwi\u0105zanie dla os\u00f3b ceni\u0105cych komfort, przestrze\u0144. Jednym z wyr\u00f3\u017cnik\u00f3w tego pokoju jest przeszklona \u0142azienka, kt\u00f3ra nadaje wn\u0119trzu wyj\u0105tkowego charakteru i optycznie je powi\u0119ksza.\r\n\r\n<ul>Wyposa\u017cenie pokoju:\r\n<li>wygodne \u0142\u00f3\u017cko typu twin,<\/li>\r\n<li>telewizor typu Smart tv z p\u0142askim ekranem,<\/li>\r\n<li>szybkie Wi-Fi,<\/li>\r\n<li>zestaw do parzenia kawy i herbaty,<\/li>\r\n<li>sejf,<\/li>\r\n<li>klimatyzacja.<\/li><\/ul>\r\n\r\n<ul>Przeszklona \u0142azienka:\r\n<li>przeszklone \u015bciany (zas\u0142ony dla zachowania prywatno\u015bci),<\/li>\r\n<li>przestronna kabina prysznicowa lub wanna,<\/li>\r\n<li>zestaw wysokiej jako\u015bci kosmetyk\u00f3w hotelowych,<\/li>\r\n<li>mi\u0119kkie r\u0119czniki i szlafroki,<\/li>\r\n<li>suszarka do w\u0142os\u00f3w.<\/li><\/ul>\r\n\r\nPok\u00f3j Superior z przeszklon\u0105 \u0142azienk\u0105 to doskona\u0142y wyb\u00f3r dla par, go\u015bci biznesowych oraz os\u00f3b, kt\u00f3re poszukuj\u0105 elegancji w nowoczesnym\u00a0wydaniu.<br>Powerzchnia pokoi: 22m<span class=\"sup\">2<\/span> \u2013 53m<span class=\"sup\">2<\/span>.<\/div>\n\t\t\t\t\t\t\t                \t\t\t\t\t\t\t                \t\t\t\t\t\t\t                \t<div class=\"contentboxes-content-item contentboxes-button-wrap\">\n\t\t\t\t\t\t\t\t\t\t\t<a href=\"\/index.php\/kontakt#formularz\" class=\"contentboxes-button button   \"  >\n\t\t\t\t\t\t\t\t\t\t\tFormularz kontaktowy\t\t\t\t\t\t\t\t\t\t\t<\/a>\n\t\t\t\t\t\t\t\t\t\t<\/div>\n\t\t\t\t\t\t\t                \t\t\t\t\t\t        \t<\/div>\n\t\t\t\t\t\t        \t\n\t\t\t\t\t\t\t\t\t\t\t\t\t\n\t\t\t\t\t\t<\/div>\n\t\t\t\t\t<\/div>\n\t\t\t\t\t<\/div>\n\n\t\t\t\t\t\t   \t \n\t\t\t\t<\/div>\n\t\t\t\t\t\n\t\t\t\n\t\t\t\t<div class=\"content-box-13052 contentboxes-image-wrap bg-image quarter-width square mobile-uncropped    no-vertical-text no-content cb-mobile-content-leave cb-mobile-content-vertical-leave    \"   >\n\n\t\t\t\t\t<div class=\"contentboxes-image-wrap-inner\">\n\n\t\t\t\t\t\n\t\t\t\t\t\t<div class=\"contentboxes-zoom-wrap \">\n\t\t\t\t\t\t\n\t\t\t\t\t\t\t\t\t\t\t\t\t<div class=\"contentboxbgimage\" style=\"background-image: url(https:\/\/nostalgic-franklin.136-243-168-66.plesk.page\/wp-content\/uploads\/2025\/07\/Palac-Czeczotka-pokoj-nr-8-1-1600x1155.jpg);\"><\/div> \n\t\t\t\t\t\t\t\t\t\t\t\t<div class=\"contentbox-overlay   gradient-contentboxes-content-middle\" >\n\t\t\t\t\t\t\n\t\t\t\t\t\t\t<div class=\"contentboxes-content-wrap centered-content  contentboxes-content-middle\"  >\n\n\t\t\t\t\t\t\t\t\n\t\t\t\t\t\t\t\t\t\t\t\t\t\t<\/div>\n\t\t\t\t\t\t\t\t\t\t\t\t\t\n\t\t\t\t\t\t<\/div>\n\t\t\t\t\t<\/div>\n\t\t\t\t\t<\/div>\n\n\t\t\t\t\t\t   \t \n\t\t\t\t<\/div>\n\t\t\t\t\t\n\t\t\t\n\t\t\t\t<div class=\"content-box-13048 contentboxes-image-wrap bg-image quarter-width square mobile-uncropped    no-vertical-text no-content cb-mobile-content-leave cb-mobile-content-vertical-leave    \"   >\n\n\t\t\t\t\t<div class=\"contentboxes-image-wrap-inner\">\n\n\t\t\t\t\t\n\t\t\t\t\t\t<div class=\"contentboxes-zoom-wrap \">\n\t\t\t\t\t\t\n\t\t\t\t\t\t\t\t\t\t\t\t\t<div class=\"contentboxbgimage\" style=\"background-image: url(https:\/\/nostalgic-franklin.136-243-168-66.plesk.page\/wp-content\/uploads\/2025\/07\/Palac-Czeczotka-pokoj-nr-6-8-1600x1155.jpg);\"><\/div> \n\t\t\t\t\t\t\t\t\t\t\t\t<div class=\"contentbox-overlay   gradient-contentboxes-content-middle\" >\n\t\t\t\t\t\t\n\t\t\t\t\t\t\t<div class=\"contentboxes-content-wrap centered-content  contentboxes-content-middle\"  >\n\n\t\t\t\t\t\t\t\t\n\t\t\t\t\t\t\t\t\t\t\t\t\t\t<\/div>\n\t\t\t\t\t\t\t\t\t\t\t\t\t\n\t\t\t\t\t\t<\/div>\n\t\t\t\t\t<\/div>\n\t\t\t\t\t<\/div>\n\n\t\t\t\t\t\t   \t \n\t\t\t\t<\/div>\n\t\t\t\t\t\n\t\t\t\t\t\t<\/div>\n\t\t\t\t<\/div>\n\n\t<\/section> \n\n\n\n\n<div style=\"height:6px\" aria-hidden=\"true\" class=\"wp-block-spacer\"><\/div>\n<\/div><\/div>\n","protected":false},"excerpt":{"rendered":"","protected":false},"author":1,"featured_media":0,"parent":13248,"menu_order":0,"comment_status":"closed","ping_status":"closed","template":"","meta":{"footnotes":""},"class_list":["post-13266","page","type-page","status-publish","hentry"],"_links":{"self":[{"href":"https:\/\/nostalgic-franklin.136-243-168-66.plesk.page\/index.php\/wp-json\/wp\/v2\/pages\/13266","targetHints":{"allow":["GET"]}}],"collection":[{"href":"https:\/\/nostalgic-franklin.136-243-168-66.plesk.page\/index.php\/wp-json\/wp\/v2\/pages"}],"about":[{"href":"https:\/\/nostalgic-franklin.136-243-168-66.plesk.page\/index.php\/wp-json\/wp\/v2\/types\/page"}],"author":[{"embeddable":true,"href":"https:\/\/nostalgic-franklin.136-243-168-66.plesk.page\/index.php\/wp-json\/wp\/v2\/users\/1"}],"replies":[{"embeddable":true,"href":"https:\/\/nostalgic-franklin.136-243-168-66.plesk.page\/index.php\/wp-json\/wp\/v2\/comments?post=13266"}],"version-history":[{"count":8,"href":"https:\/\/nostalgic-franklin.136-243-168-66.plesk.page\/index.php\/wp-json\/wp\/v2\/pages\/13266\/revisions"}],"predecessor-version":[{"id":13471,"href":"https:\/\/nostalgic-franklin.136-243-168-66.plesk.page\/index.php\/wp-json\/wp\/v2\/pages\/13266\/revisions\/13471"}],"up":[{"embeddable":true,"href":"https:\/\/nostalgic-franklin.136-243-168-66.plesk.page\/index.php\/wp-json\/wp\/v2\/pages\/13248"}],"wp:attachment":[{"href":"https:\/\/nostalgic-franklin.136-243-168-66.plesk.page\/index.php\/wp-json\/wp\/v2\/media?parent=13266"}],"curies":[{"name":"wp","href":"https:\/\/api.w.org\/{rel}","templated":true}]}}